{"id":951,"date":"2022-07-02T15:52:38","date_gmt":"2022-07-02T12:52:38","guid":{"rendered":"https:\/\/www.guestny.com\/privacy-policy-2\/"},"modified":"2022-09-05T13:30:24","modified_gmt":"2022-09-05T10:30:24","slug":"gizlilik-politikasi","status":"publish","type":"page","link":"https:\/\/www.guestny.com\/tr\/gizlilik-politikasi\/","title":{"rendered":"Privacy Policy"},"content":{"rendered":"\t\t<div data-elementor-type=\"wp-page\" data-elementor-id=\"951\" class=\"elementor elementor-951\">\n\t\t\t\t\t\t<section class=\"elementor-section elementor-top-section elementor-element elementor-element-37aa9c7e elementor-section-boxed elementor-section-height-default elementor-section-height-default\" data-id=\"37aa9c7e\" data-element_type=\"section\" data-e-type=\"section\" data-settings=\"{&quot;jet_parallax_layout_list&quot;:[]}\">\n\t\t\t\t\t\t<div class=\"elementor-container elementor-column-gap-default\">\n\t\t\t\t\t<div class=\"elementor-column elementor-col-100 elementor-top-column elementor-element elementor-element-79b4c9ff\" data-id=\"79b4c9ff\" data-element_type=\"column\" data-e-type=\"column\">\n\t\t\t<div class=\"elementor-widget-wrap elementor-element-populated\">\n\t\t\t\t\t\t<div class=\"elementor-element elementor-element-7d99a69e elementor-widget elementor-widget-text-editor\" data-id=\"7d99a69e\" data-element_type=\"widget\" data-e-type=\"widget\" data-widget_type=\"text-editor.default\">\n\t\t\t\t<div class=\"elementor-widget-container\">\n\t\t\t\t\t\t\t\t\t<h2>Gizlilik Politikas\u0131<\/h2><h4>Ki\u015fisel bilgilerinizi korumaya \u00f6zen g\u00f6steriyoruz<\/h4><p>Guestly Ltd \u201d, \u201cbiz\u201d, \u201c\u015eirket\u201d veya \u201cbize\u201d) gizlili\u011fin \u00f6nemini kabul eder. Hizmetlerimizi kullan\u0131rken kendinizi g\u00fcvende hissetmenizi istiyoruz ve bu gizlilik politikas\u0131 (\u201cPolitika\u201d) web sitelerimizin, hizmetlerimizin ve uygulamalar\u0131m\u0131z\u0131n kullan\u0131c\u0131lar\u0131 hakk\u0131nda (t\u00fcm\u00fc) elde etti\u011fimiz bilgileri nas\u0131l toplad\u0131\u011f\u0131m\u0131z\u0131, kulland\u0131\u011f\u0131m\u0131z\u0131 ve if\u015fa etti\u011fimizi anlaman\u0131za ve a\u00e7\u0131klaman\u0131za yard\u0131mc\u0131 olmak i\u00e7indir \u201cPlatform\u201d olarak adland\u0131rd\u0131\u011f\u0131m\u0131z). Bu Politika a\u015fa\u011f\u0131dakileri a\u00e7\u0131klamaktad\u0131r:<\/p><p>1. Hangi bilgileri sakl\u0131yoruz ve nas\u0131l toplan\u0131yor; 2. Bilgileri nas\u0131l kullan\u0131yoruz; 3. Kimlerle bilgi payla\u015fabiliriz; 4. Bilgilerin i\u015flenmesi i\u00e7in yasal dayanak; 5. Haklar\u0131n\u0131z ve tercihleriniz; Bilgilerin g\u00fcvenli\u011fi ve saklanmas\u0131; 6. \u00dc\u00e7\u00fcnc\u00fc taraf web siteleri; 7. Politika ve \u0130leti\u015fim Bilgilerinde De\u011fi\u015fiklikler.<\/p><p>1. Elimizde Tuttu\u011fumuz Bilgi T\u00fcrleri<\/p><p>Sizinle ilgili bilgileri do\u011frudan sizden ve Platformumuzu kullan\u0131m\u0131n\u0131z arac\u0131l\u0131\u011f\u0131yla otomatik olarak topluyoruz.<\/p><p>a) Bize Sa\u011flad\u0131\u011f\u0131n\u0131z Bilgiler<\/p><p>Hizmetlerimizi kullanmak i\u00e7in bize a\u015fa\u011f\u0131daki bilgileri sa\u011flaman\u0131z gerekir:<\/p><p>\u25cf Ad \u25cf E-posta \u25cf \u015eifre \u25cf Okul \u25cf Y\u0131l<\/p><p>b) Otomatik Olarak Toplanan Bilgiler<\/p><p>Bir\u00e7ok web sitesi gibi, biz ve hizmet sa\u011flay\u0131c\u0131lar\u0131m\u0131z, bilgisayar\u0131n\u0131z veya mobil cihaz\u0131n\u0131z arac\u0131l\u0131\u011f\u0131yla bizimle etkile\u015fim kurdu\u011funuzda belirli t\u00fcrde bilgileri almak ve depolamak i\u00e7in tan\u0131mlama bilgileri, web i\u015faretleri ve di\u011fer teknolojileri kullan\u0131r\u0131z. Bu teknolojileri kullanmak, Hizmetlerimizle olan deneyiminizi \u00f6zelle\u015ftirmemize, deneyiminizi geli\u015ftirmemize ve pazarlama mesajlar\u0131n\u0131 uyarlamam\u0131za yard\u0131mc\u0131 olur. Toplad\u0131\u011f\u0131m\u0131z bilgi t\u00fcrlerinden baz\u0131lar\u0131 \u015funlard\u0131r:<\/p><p>Bir\u00e7ok web sitesi gibi, biz ve hizmet sa\u011flay\u0131c\u0131lar\u0131m\u0131z, bilgisayar\u0131n\u0131z veya mobil cihaz\u0131n\u0131z arac\u0131l\u0131\u011f\u0131yla bizimle etkile\u015fim kurdu\u011funuzda belirli t\u00fcrde bilgileri almak ve depolamak i\u00e7in tan\u0131mlama bilgileri, web i\u015faretleri ve di\u011fer teknolojileri kullan\u0131r\u0131z. Bu teknolojileri kullanmak, Hizmetlerimizle olan deneyiminizi \u00f6zelle\u015ftirmemize, deneyiminizi geli\u015ftirmemize ve pazarlama mesajlar\u0131n\u0131 uyarlamam\u0131za yard\u0131mc\u0131 olur. Toplad\u0131\u011f\u0131m\u0131z bilgi t\u00fcrlerinden baz\u0131lar\u0131 \u015funlard\u0131r:<\/p><p>Bir\u00e7ok web sitesi gibi, biz ve hizmet sa\u011flay\u0131c\u0131lar\u0131m\u0131z, bilgisayar\u0131n\u0131z veya mobil cihaz\u0131n\u0131z arac\u0131l\u0131\u011f\u0131yla bizimle etkile\u015fim kurdu\u011funuzda belirli t\u00fcrde bilgileri almak ve depolamak i\u00e7in tan\u0131mlama bilgileri, web i\u015faretleri ve di\u011fer teknolojileri kullan\u0131r\u0131z. Bu teknolojileri kullanmak, Hizmetlerimizle olan deneyiminizi \u00f6zelle\u015ftirmemize, deneyiminizi geli\u015ftirmemize ve pazarlama mesajlar\u0131n\u0131 uyarlamam\u0131za yard\u0131mc\u0131 olur. Toplad\u0131\u011f\u0131m\u0131z bilgi t\u00fcrlerinden baz\u0131lar\u0131 \u015funlard\u0131r:<\/p><p>Bir\u00e7ok web sitesi gibi, biz ve hizmet sa\u011flay\u0131c\u0131lar\u0131m\u0131z, bilgisayar\u0131n\u0131z veya mobil cihaz\u0131n\u0131z arac\u0131l\u0131\u011f\u0131yla bizimle etkile\u015fim kurdu\u011funuzda belirli t\u00fcrde bilgileri almak ve depolamak i\u00e7in tan\u0131mlama bilgileri, web i\u015faretleri ve di\u011fer teknolojileri kullan\u0131r\u0131z. Bu teknolojileri kullanmak, Hizmetlerimizle olan deneyiminizi \u00f6zelle\u015ftirmemize, deneyiminizi geli\u015ftirmemize ve pazarlama mesajlar\u0131n\u0131 uyarlamam\u0131za yard\u0131mc\u0131 olur. Toplad\u0131\u011f\u0131m\u0131z bilgi t\u00fcrlerinden baz\u0131lar\u0131 \u015funlard\u0131r:<\/p>\t\t\t\t\t\t\t\t<\/div>\n\t\t\t\t<\/div>\n\t\t\t\t\t<\/div>\n\t\t<\/div>\n\t\t\t\t\t<\/div>\n\t\t<\/section>\n\t\t\t\t<\/div>\n\t\t","protected":false},"excerpt":{"rendered":"<p>Gizlilik Politikas\u0131 Ki\u015fisel bilgilerinizi korumaya \u00f6zen g\u00f6steriyoruz Guestly Ltd \u201d, \u201cbiz\u201d, \u201c\u015eirket\u201d veya \u201cbize\u201d) gizlili\u011fin \u00f6nemini kabul eder. Hizmetlerimizi kullan\u0131rken kendinizi g\u00fcvende hissetmenizi istiyoruz ve bu gizlilik politikas\u0131 (\u201cPolitika\u201d) web sitelerimizin, hizmetlerimizin ve uygulamalar\u0131m\u0131z\u0131n kullan\u0131c\u0131lar\u0131 hakk\u0131nda (t\u00fcm\u00fc) elde etti\u011fimiz bilgileri nas\u0131l toplad\u0131\u011f\u0131m\u0131z\u0131, kulland\u0131\u011f\u0131m\u0131z\u0131 ve if\u015fa etti\u011fimizi anlaman\u0131za ve a\u00e7\u0131klaman\u0131za yard\u0131mc\u0131 olmak i\u00e7indir \u201cPlatform\u201d olarak adland\u0131rd\u0131\u011f\u0131m\u0131z). [&hellip;]<\/p>\n","protected":false},"author":1,"featured_media":0,"parent":0,"menu_order":0,"comment_status":"closed","ping_status":"closed","template":"","meta":{"footnotes":""},"class_list":["post-951","page","type-page","status-publish","hentry"],"blocksy_meta":{"styles_descriptor":{"styles":{"desktop":"","tablet":"","mobile":""},"google_fonts":[],"version":6}},"_links":{"self":[{"href":"https:\/\/www.guestny.com\/tr\/wp-json\/wp\/v2\/pages\/951","targetHints":{"allow":["GET"]}}],"collection":[{"href":"https:\/\/www.guestny.com\/tr\/wp-json\/wp\/v2\/pages"}],"about":[{"href":"https:\/\/www.guestny.com\/tr\/wp-json\/wp\/v2\/types\/page"}],"author":[{"embeddable":true,"href":"https:\/\/www.guestny.com\/tr\/wp-json\/wp\/v2\/users\/1"}],"replies":[{"embeddable":true,"href":"https:\/\/www.guestny.com\/tr\/wp-json\/wp\/v2\/comments?post=951"}],"version-history":[{"count":4,"href":"https:\/\/www.guestny.com\/tr\/wp-json\/wp\/v2\/pages\/951\/revisions"}],"predecessor-version":[{"id":1039,"href":"https:\/\/www.guestny.com\/tr\/wp-json\/wp\/v2\/pages\/951\/revisions\/1039"}],"wp:attachment":[{"href":"https:\/\/www.guestny.com\/tr\/wp-json\/wp\/v2\/media?parent=951"}],"curies":[{"name":"wp","href":"https:\/\/api.w.org\/{rel}","templated":true}]}}